{"id":45625,"date":"2017-10-31T11:41:17","date_gmt":"2017-10-31T11:41:17","guid":{"rendered":"http:\/\/www.garofoli.com\/garofoli\/"},"modified":"2025-06-05T10:22:07","modified_gmt":"2025-06-05T10:22:07","slug":"garofoli","status":"publish","type":"page","link":"https:\/\/www.garofoli.com\/de\/company\/garofoli\/","title":{"rendered":"Garofoli"},"content":{"rendered":"<p>Die Garofoli\u00a0Group geh\u00f6rt weltweit zu den f\u00fchrenden <strong>Unternehmen im Bereich der Planung, der Produktion und des Vertriebs von T\u00fcren<\/strong>, mit besonderer Spezialisierung auf T\u00fcren aus Massivholz. Das Unternehmen, das vom Gr\u00fcnder Fernando Garofoli und seinen S\u00f6hnen geleitet wird,\u00a0<strong>besteht aus den Marken Garofoli S.p.A. und Gidea s.r.l\u00a0<\/strong>und es ist im oberen Segment des Referenzmarktes angesiedelt.\u00a0Die Produktlinie der Garofoli\u00a0Group ist das<strong> Symbol der Exzellenz des \u201cMade in Italy\u201d in der Welt<\/strong> und umfasst T\u00fcren f\u00fcr Innenbereiche, gepanzerte T\u00fcren,<strong> feuerfeste T\u00fcren, Parkett, Vert\u00e4felungen, begehbare Schr\u00e4nke und Einrichtungssysteme.<\/strong> Die gro\u00dfe Produktionskapazit\u00e4t und die Vielfalt des Design-Angebots hat dazu gef\u00fchrt, dass sich die Garofoli\u00a0Group im Bereich Contract und Hospitality durchgesetzt hat. Dies wird durch die Tatsache belegt, dass T\u00fcren von Garofoli f\u00fcr hochwertige Realisierungen wie die Fondazione Prada in Mailand und die Lounge\u00a0Alitalia in Rom und Mailand verwendet wurden.<\/p>\n","protected":false},"excerpt":{"rendered":"<p>Die Garofoli\u00a0Group geh\u00f6rt weltweit zu den f\u00fchrenden Unternehmen im Bereich der Planung, der Produktion und des Vertriebs von T\u00fcren, mit besonderer Spezialisierung auf T\u00fcren aus Massivholz. Das Unternehmen, das vom Gr\u00fcnder Fernando Garofoli und seinen S\u00f6hnen geleitet wird,\u00a0besteht aus den Marken Garofoli S.p.A. und Gidea s.r.l\u00a0und es ist im oberen Segment des Referenzmarktes angesiedelt.\u00a0Die Produktlinie [&hellip;]<\/p>\n","protected":false},"author":3,"featured_media":79341,"parent":46230,"menu_order":20,"comment_status":"closed","ping_status":"closed","template":"tpl-company.php","meta":{"_acf_changed":false,"footnotes":""},"yst_prominent_words":[4651,4649,4645,4647,4643,3253,4622,4639,4633,3242,3252,3260,4644,4640,4642,4621,4641,4648,4650,4652],"class_list":["post-45625","page","type-page","status-publish","has-post-thumbnail","hentry"],"acf":[],"_links":{"self":[{"href":"https:\/\/www.garofoli.com\/de\/wp-json\/wp\/v2\/pages\/45625","targetHints":{"allow":["GET"]}}],"collection":[{"href":"https:\/\/www.garofoli.com\/de\/wp-json\/wp\/v2\/pages"}],"about":[{"href":"https:\/\/www.garofoli.com\/de\/wp-json\/wp\/v2\/types\/page"}],"author":[{"embeddable":true,"href":"https:\/\/www.garofoli.com\/de\/wp-json\/wp\/v2\/users\/3"}],"replies":[{"embeddable":true,"href":"https:\/\/www.garofoli.com\/de\/wp-json\/wp\/v2\/comments?post=45625"}],"version-history":[{"count":2,"href":"https:\/\/www.garofoli.com\/de\/wp-json\/wp\/v2\/pages\/45625\/revisions"}],"predecessor-version":[{"id":1429470,"href":"https:\/\/www.garofoli.com\/de\/wp-json\/wp\/v2\/pages\/45625\/revisions\/1429470"}],"up":[{"embeddable":true,"href":"https:\/\/www.garofoli.com\/de\/wp-json\/wp\/v2\/pages\/46230"}],"wp:featuredmedia":[{"embeddable":true,"href":"https:\/\/www.garofoli.com\/de\/wp-json\/wp\/v2\/media\/79341"}],"wp:attachment":[{"href":"https:\/\/www.garofoli.com\/de\/wp-json\/wp\/v2\/media?parent=45625"}],"wp:term":[{"taxonomy":"yst_prominent_words","embeddable":true,"href":"https:\/\/www.garofoli.com\/de\/wp-json\/wp\/v2\/yst_prominent_words?post=45625"}],"curies":[{"name":"wp","href":"https:\/\/api.w.org\/{rel}","templated":true}]}}