{"id":45633,"date":"2017-10-31T11:41:32","date_gmt":"2017-10-31T11:41:32","guid":{"rendered":"http:\/\/www.garofoli.com\/gidea\/"},"modified":"2019-05-15T17:02:56","modified_gmt":"2019-05-15T17:02:56","slug":"gidea","status":"publish","type":"page","link":"https:\/\/www.garofoli.com\/de\/company\/gidea\/","title":{"rendered":"Gidea"},"content":{"rendered":"<p>Die Realisierung von jungen und modernen Produkten, die die Anforderungen des Marktes erf\u00fcllen und konstruktive sowie technologische Qualit\u00e4t gew\u00e4hrleisten.\u00a0<strong>Dies ist die Mission von Gidea.<\/strong>\u00a0Moderne Linien und alternative Materialien, von Walzblech bis Aluminium, f\u00fcr T\u00fcren und begehbare Schr\u00e4nke mit einer erlesenen \u00c4sthetik. Die Zugeh\u00f6rigkeit zur Garofoli\u00a0Group und die Synergien, die vor allem dank des starken Willens des Gr\u00fcnders Fernando Garofoli entwickelt wurden, legen und garantieren eine kompromisslose Produktion, deren konstruktive und \u00e4sthetische Qualit\u00e4t \u00fcber jeden Zweifel erhaben ist.<\/p>\n<p>Gidea erstreckt sich auf einer \u00fcberdachten Fl\u00e4che von mehr als 38.000\u00a0Quadratmeter und ist die <strong>Projektion der Garofoli\u00a0Group in einen jungendlicheren Markt, mit Angeboten<\/strong>, die zugleich qualitative und \u00e4sthetische Anforderungen erf\u00fcllen, jedoch unter besonderer Ber\u00fccksichtigung der Anforderungen eines Marktes, der sich st\u00e4ndig weiterentwickelt.<strong>\u00a0Gidea h\u00e4lt die hohe Qualit\u00e4t des Produktionssystems, die erlesene \u00c4sthetik sowie die Handwerklichkeit der Produktlinie mit fortschrittlichster Technologie bei<\/strong>,\u00a0alle Eigenschaften, die den Erfolg eines Angebotes bestimmt haben, das die Tendenzen eines anspruchsvollen Marktes best\u00e4tigt, der stets gro\u00dfen Wert auf die Qualit\u00e4t legt.<\/p>\n","protected":false},"excerpt":{"rendered":"<p>Die Realisierung von jungen und modernen Produkten, die die Anforderungen des Marktes erf\u00fcllen und konstruktive sowie technologische Qualit\u00e4t gew\u00e4hrleisten.\u00a0Dies ist die Mission von Gidea.\u00a0Moderne Linien und alternative Materialien, von Walzblech bis Aluminium, f\u00fcr T\u00fcren und begehbare Schr\u00e4nke mit einer erlesenen \u00c4sthetik. Die Zugeh\u00f6rigkeit zur Garofoli\u00a0Group und die Synergien, die vor allem dank des starken Willens [&hellip;]<\/p>\n","protected":false},"author":3,"featured_media":1627,"parent":46230,"menu_order":30,"comment_status":"closed","ping_status":"closed","template":"tpl-company.php","meta":{"_acf_changed":false,"footnotes":""},"yst_prominent_words":[4658,4643,3253,4622,4664,4661,4662,3242,3252,3283,4655,4656,4653,4659,4660,4654,4663,4621,4657,4650],"class_list":["post-45633","page","type-page","status-publish","has-post-thumbnail","hentry"],"acf":[],"_links":{"self":[{"href":"https:\/\/www.garofoli.com\/de\/wp-json\/wp\/v2\/pages\/45633","targetHints":{"allow":["GET"]}}],"collection":[{"href":"https:\/\/www.garofoli.com\/de\/wp-json\/wp\/v2\/pages"}],"about":[{"href":"https:\/\/www.garofoli.com\/de\/wp-json\/wp\/v2\/types\/page"}],"author":[{"embeddable":true,"href":"https:\/\/www.garofoli.com\/de\/wp-json\/wp\/v2\/users\/3"}],"replies":[{"embeddable":true,"href":"https:\/\/www.garofoli.com\/de\/wp-json\/wp\/v2\/comments?post=45633"}],"version-history":[{"count":0,"href":"https:\/\/www.garofoli.com\/de\/wp-json\/wp\/v2\/pages\/45633\/revisions"}],"up":[{"embeddable":true,"href":"https:\/\/www.garofoli.com\/de\/wp-json\/wp\/v2\/pages\/46230"}],"wp:featuredmedia":[{"embeddable":true,"href":"https:\/\/www.garofoli.com\/de\/wp-json\/wp\/v2\/media\/1627"}],"wp:attachment":[{"href":"https:\/\/www.garofoli.com\/de\/wp-json\/wp\/v2\/media?parent=45633"}],"wp:term":[{"taxonomy":"yst_prominent_words","embeddable":true,"href":"https:\/\/www.garofoli.com\/de\/wp-json\/wp\/v2\/yst_prominent_words?post=45633"}],"curies":[{"name":"wp","href":"https:\/\/api.w.org\/{rel}","templated":true}]}}