{"id":50,"date":"2017-10-31T11:54:55","date_gmt":"2017-10-31T11:54:55","guid":{"rendered":"http:\/\/www.garofoli.com\/?page_id=50"},"modified":"2019-05-10T11:12:49","modified_gmt":"2019-05-10T11:12:49","slug":"corso-uno","status":"publish","type":"page","link":"https:\/\/www.garofoli.com\/de\/company\/formazione\/corso-uno\/","title":{"rendered":"User experience, realt\u00e0 aumentata e personal branding"},"content":{"rendered":"<p class=\"p1\"><span class=\"s1\">Il mercato della progettazione in Italia vale circa 20 miliardi, ma solo una minima parte di questo valore viene intercettato dagli architetti, per i quali si registra il reddito medio pi\u00f9 basso d\u2019europa.\u00a0\u00a0<\/span><span class=\"s1\">Ma se l\u2019Italia \u00e8 un paese in cui \u00e8 difficile fare gli architetti, esiste un territorio vastissimo e densamente popolato che oggi offre nuove e interessanti possibilit\u00e0: il web.<\/span><\/p>\n<p class=\"p1\"><span class=\"s1\">L\u2019obiettivo del corso \u00e8 di ragionare sugli attuali rapporti tra web e architettura, per individuare le minacce e le opportunit\u00e0 che questa interazione pu\u00f2 portare a chi desidera riflettere su nuove strategie di approccio al cliente.<\/span><\/p>\n<p class=\"p1\"><span class=\"s1\">Si parler\u00e0 di come \u00e8 cambiato il comportamento del consumatore di progetti architettonici, di nuove tecnologie e nuove modalit\u00e0 di interazione con prospect e clienti, di user experience e processi di progettazione, dei nuovi luoghi digitali dell\u2019architettura.<\/span><\/p>\n<p class=\"p1\"><span class=\"s1\">Infine si introdurr\u00e0\u00a0il tema del personal branding: una \u201cnuova\u201d strategia per incrementare visibilit\u00e0 e giro d\u2019affari degli architetti.<\/span><\/p>\n","protected":false},"excerpt":{"rendered":"<p>Il mercato della progettazione in Italia vale circa 20 miliardi, ma solo una minima parte di questo valore viene intercettato dagli architetti, per i quali si registra il reddito medio pi\u00f9 basso d\u2019europa.\u00a0\u00a0Ma se l\u2019Italia \u00e8 un paese in cui \u00e8 difficile fare gli architetti, esiste un territorio vastissimo e densamente popolato che oggi offre [&hellip;]<\/p>\n","protected":false},"author":3,"featured_media":4312,"parent":11,"menu_order":0,"comment_status":"closed","ping_status":"closed","template":"tpl-generic.php","meta":{"_acf_changed":false,"footnotes":""},"yst_prominent_words":[4685,4688,4686,4687],"class_list":["post-50","page","type-page","status-publish","has-post-thumbnail","hentry"],"acf":[],"_links":{"self":[{"href":"https:\/\/www.garofoli.com\/de\/wp-json\/wp\/v2\/pages\/50","targetHints":{"allow":["GET"]}}],"collection":[{"href":"https:\/\/www.garofoli.com\/de\/wp-json\/wp\/v2\/pages"}],"about":[{"href":"https:\/\/www.garofoli.com\/de\/wp-json\/wp\/v2\/types\/page"}],"author":[{"embeddable":true,"href":"https:\/\/www.garofoli.com\/de\/wp-json\/wp\/v2\/users\/3"}],"replies":[{"embeddable":true,"href":"https:\/\/www.garofoli.com\/de\/wp-json\/wp\/v2\/comments?post=50"}],"version-history":[{"count":0,"href":"https:\/\/www.garofoli.com\/de\/wp-json\/wp\/v2\/pages\/50\/revisions"}],"up":[{"embeddable":true,"href":"https:\/\/www.garofoli.com\/de\/wp-json\/wp\/v2\/pages\/11"}],"wp:featuredmedia":[{"embeddable":true,"href":"https:\/\/www.garofoli.com\/de\/wp-json\/wp\/v2\/media\/4312"}],"wp:attachment":[{"href":"https:\/\/www.garofoli.com\/de\/wp-json\/wp\/v2\/media?parent=50"}],"wp:term":[{"taxonomy":"yst_prominent_words","embeddable":true,"href":"https:\/\/www.garofoli.com\/de\/wp-json\/wp\/v2\/yst_prominent_words?post=50"}],"curies":[{"name":"wp","href":"https:\/\/api.w.org\/{rel}","templated":true}]}}