{"id":1428634,"date":"2017-10-31T11:41:17","date_gmt":"2017-10-31T11:41:17","guid":{"rendered":"https:\/\/www.garofoli.com\/garofoli\/"},"modified":"2026-02-04T13:14:09","modified_gmt":"2026-02-04T13:14:09","slug":"garofoli","status":"publish","type":"page","link":"https:\/\/www.garofoli.com\/es\/company\/garofoli\/","title":{"rendered":"Garofoli"},"content":{"rendered":"<p class=\"desc\">El Grupo Garofoli se encuentra entre los <strong>l\u00edderes mundiales en el dise\u00f1o, producci\u00f3n y comercializaci\u00f3n de puertas interiores<\/strong>, con una especializaci\u00f3n destacada en puertas de madera maciza. Dirigido por el fundador Fernando Garofoli y sus hijos, el Grupo se posiciona en el segmento m\u00e1s alto del mercado de puertas y elementos de mobiliario. A las dos marcas hist\u00f3ricas del Grupo, <strong>Garofoli S.p.A. y Gidea s.r.l,<\/strong> se ha sumado en 2024 <strong>Mister Shut S.r.l.<\/strong>, empresa especializada en puertas de entrada. <strong>S\u00edmbolo de excelencia del \u00abMade in Italy\u00bb en el mundo<\/strong>, la l\u00ednea de productos del Grupo Garofoli incluye <strong>puertas interiores, puertas blindadas, puertas cortafuegos, parquet, boiserie, vestidores y sistemas de mobiliario<\/strong>. La gran capacidad de producci\u00f3n y la variedad de propuestas de dise\u00f1o han llevado al Grupo Garofoli a consolidarse no solo en la <strong>producci\u00f3n de puertas interiores<\/strong> para el \u00e1mbito residencial, sino tambi\u00e9n en el <a href=\"https:\/\/www.garofoli.com\/es\/company\/hotel-contract\/\"><strong>sector contract y hospitality<\/strong><\/a>. Como lo demuestra la inclusi\u00f3n de puertas Garofoli en proyectos prestigiosos como la Fundaci\u00f3n Prada en Mil\u00e1n y las Salas VIP de Alitalia en Roma y Mil\u00e1n.<\/p>\n","protected":false},"excerpt":{"rendered":"<p>El Grupo Garofoli se encuentra entre los l\u00edderes mundiales en el dise\u00f1o, producci\u00f3n y comercializaci\u00f3n de puertas interiores, con una especializaci\u00f3n destacada en puertas de madera maciza. Dirigido por el fundador Fernando Garofoli y sus hijos, el Grupo se posiciona en el segmento m\u00e1s alto del mercado de puertas y elementos de mobiliario. A las [&hellip;]<\/p>\n","protected":false},"author":3,"featured_media":1428635,"parent":1428638,"menu_order":20,"comment_status":"closed","ping_status":"closed","template":"tpl-company.php","meta":{"_acf_changed":false,"footnotes":""},"yst_prominent_words":[3246,3265,3242],"class_list":["post-1428634","page","type-page","status-publish","has-post-thumbnail","hentry"],"acf":[],"_links":{"self":[{"href":"https:\/\/www.garofoli.com\/es\/wp-json\/wp\/v2\/pages\/1428634","targetHints":{"allow":["GET"]}}],"collection":[{"href":"https:\/\/www.garofoli.com\/es\/wp-json\/wp\/v2\/pages"}],"about":[{"href":"https:\/\/www.garofoli.com\/es\/wp-json\/wp\/v2\/types\/page"}],"author":[{"embeddable":true,"href":"https:\/\/www.garofoli.com\/es\/wp-json\/wp\/v2\/users\/3"}],"replies":[{"embeddable":true,"href":"https:\/\/www.garofoli.com\/es\/wp-json\/wp\/v2\/comments?post=1428634"}],"version-history":[{"count":6,"href":"https:\/\/www.garofoli.com\/es\/wp-json\/wp\/v2\/pages\/1428634\/revisions"}],"predecessor-version":[{"id":1431004,"href":"https:\/\/www.garofoli.com\/es\/wp-json\/wp\/v2\/pages\/1428634\/revisions\/1431004"}],"up":[{"embeddable":true,"href":"https:\/\/www.garofoli.com\/es\/wp-json\/wp\/v2\/pages\/1428638"}],"wp:featuredmedia":[{"embeddable":true,"href":"https:\/\/www.garofoli.com\/es\/wp-json\/wp\/v2\/media\/1428635"}],"wp:attachment":[{"href":"https:\/\/www.garofoli.com\/es\/wp-json\/wp\/v2\/media?parent=1428634"}],"wp:term":[{"taxonomy":"yst_prominent_words","embeddable":true,"href":"https:\/\/www.garofoli.com\/es\/wp-json\/wp\/v2\/yst_prominent_words?post=1428634"}],"curies":[{"name":"wp","href":"https:\/\/api.w.org\/{rel}","templated":true}]}}