{"id":1428639,"date":"2017-10-31T11:41:32","date_gmt":"2017-10-31T11:41:32","guid":{"rendered":"https:\/\/www.garofoli.com\/company\/gidea\/"},"modified":"2025-04-23T13:32:20","modified_gmt":"2025-04-23T13:32:20","slug":"gidea","status":"publish","type":"page","link":"https:\/\/www.garofoli.com\/es\/company\/gidea\/","title":{"rendered":"Gidea"},"content":{"rendered":"<p><strong>Crear productos j\u00f3venes y modernos<\/strong> que respondan a las demandas del mercado, garantizando calidad constructiva y tecnol\u00f3gica. Esa es <strong>la misi\u00f3n de Gidea.<\/strong> L\u00edneas modernas y materiales alternativos, desde el laminado hasta el aluminio, para puertas y vestidores con una est\u00e9tica refinada. La pertenencia al Grupo Garofoli y las sinergias desarrolladas, sobre todo gracias a la firme voluntad del fundador Fernando Garofoli, son testimonio y garant\u00eda de una producci\u00f3n que ha impuesto sin reservas su indiscutible calidad constructiva y est\u00e9tica.<\/p>\n<p>Con una superficie de m\u00e1s de 38.000 metros cuadrados cubiertos, <strong>Gidea representa la proyecci\u00f3n del Grupo Garofoli hacia el mercado m\u00e1s joven<\/strong>, con propuestas que satisfacen tanto las exigencias cualitativas como est\u00e9ticas, prestando especial atenci\u00f3n a las necesidades de un mercado en constante evoluci\u00f3n. <strong>Gidea mantiene inalteradas la alta calidad del sistema de producci\u00f3n, la est\u00e9tica refinada y la fabricaci\u00f3n alineada con la tecnolog\u00eda m\u00e1s avanzada,<\/strong> caracter\u00edsticas que han determinado el \u00e9xito de una propuesta que no solo confirma, sino que marca las tendencias de un mercado exigente, cada vez m\u00e1s atento a la calidad.<\/p>\n","protected":false},"excerpt":{"rendered":"<p>Crear productos j\u00f3venes y modernos que respondan a las demandas del mercado, garantizando calidad constructiva y tecnol\u00f3gica. Esa es la misi\u00f3n de Gidea. L\u00edneas modernas y materiales alternativos, desde el laminado hasta el aluminio, para puertas y vestidores con una est\u00e9tica refinada. La pertenencia al Grupo Garofoli y las sinergias desarrolladas, sobre todo gracias a [&hellip;]<\/p>\n","protected":false},"author":3,"featured_media":113104,"parent":1428638,"menu_order":30,"comment_status":"closed","ping_status":"closed","template":"tpl-company.php","meta":{"_acf_changed":false,"footnotes":""},"yst_prominent_words":[3246,3291,3242,3283],"class_list":["post-1428639","page","type-page","status-publish","has-post-thumbnail","hentry"],"acf":[],"_links":{"self":[{"href":"https:\/\/www.garofoli.com\/es\/wp-json\/wp\/v2\/pages\/1428639","targetHints":{"allow":["GET"]}}],"collection":[{"href":"https:\/\/www.garofoli.com\/es\/wp-json\/wp\/v2\/pages"}],"about":[{"href":"https:\/\/www.garofoli.com\/es\/wp-json\/wp\/v2\/types\/page"}],"author":[{"embeddable":true,"href":"https:\/\/www.garofoli.com\/es\/wp-json\/wp\/v2\/users\/3"}],"replies":[{"embeddable":true,"href":"https:\/\/www.garofoli.com\/es\/wp-json\/wp\/v2\/comments?post=1428639"}],"version-history":[{"count":3,"href":"https:\/\/www.garofoli.com\/es\/wp-json\/wp\/v2\/pages\/1428639\/revisions"}],"predecessor-version":[{"id":1429296,"href":"https:\/\/www.garofoli.com\/es\/wp-json\/wp\/v2\/pages\/1428639\/revisions\/1429296"}],"up":[{"embeddable":true,"href":"https:\/\/www.garofoli.com\/es\/wp-json\/wp\/v2\/pages\/1428638"}],"wp:featuredmedia":[{"embeddable":true,"href":"https:\/\/www.garofoli.com\/es\/wp-json\/wp\/v2\/media\/113104"}],"wp:attachment":[{"href":"https:\/\/www.garofoli.com\/es\/wp-json\/wp\/v2\/media?parent=1428639"}],"wp:term":[{"taxonomy":"yst_prominent_words","embeddable":true,"href":"https:\/\/www.garofoli.com\/es\/wp-json\/wp\/v2\/yst_prominent_words?post=1428639"}],"curies":[{"name":"wp","href":"https:\/\/api.w.org\/{rel}","templated":true}]}}