{"id":43117,"date":"2018-12-13T15:09:37","date_gmt":"2018-12-13T15:09:37","guid":{"rendered":"http:\/\/www.garofoli.com\/?page_id=43117"},"modified":"2018-12-17T16:48:19","modified_gmt":"2018-12-17T16:48:19","slug":"gstrutture-partners-privacy","status":"publish","type":"page","link":"https:\/\/www.garofoli.com\/es\/gstrutture-partners-privacy\/","title":{"rendered":"Informativa clienti e fornitori &#8211; Garofoli Strutture"},"content":{"rendered":"<p><strong>Informativa a clienti e fornitori ai sensi dell\u2019art. 13 del Regolamento Europeo 2016\/679 in materia di protezione dei dati<\/strong><\/p>\n<p><strong>\u00a0<\/strong><\/p>\n<p><em>I trattamenti di dati relativi a persone giuridiche non rientrano nell&#8217;ambito di applicazione della disciplina di tutela dei dati personali apprestata dal Regolamento. A fini di chiarezza e trasparenza nei confronti dei propri Clienti e Fornitori, Garofoli Strutture S.p.A.rende la presente informativa anche ai soggetti persone giuridiche, descrivendo le modalit\u00e0 e le finalit\u00e0 di tutti trattamenti che la Societ\u00e0 svolge o ha facolt\u00e0 di svolgere sui dati personali. L\u2019informativa riguarda nello specifico i dati delle persone fisiche che lavorano presso i nostri clienti e fornitori.<\/em><\/p>\n<p>&nbsp;<\/p>\n<ol>\n<li><strong>Premessa<\/strong><\/li>\n<\/ol>\n<p><strong>\u00a0<\/strong>Ai sensi dell\u2019art. 13 del Regolamento UE 2016\/679, Garofoli Strutture S.p.A. (di seguito \u201cla Societ\u00e0\u201d), P. IVA n. IT01217880424 con sede in Castelfidardo, via Recanatese 37, 60022 (AN), Tel. 071727171, contattabile per l\u2019esercizio dei diritti consentiti dalla normativa vigente all&#8217;indirizzo della sede o mediante email: privacy@garofoli.com, Titolare del Trattamento dei dati personali gi\u00e0 comunicati o che verranno in futuro comunicati e presso la quale i dati personali sono o saranno raccolti, desidera informarVi che i dati che Vi riguardano potranno formare oggetto di trattamento, nel rispetto della normativa qui sopra richiamata, da parte della Societ\u00e0 in relazione ai rapporti contrattuali intercorsi con Voi o a quelli che potranno essere intrattenuti in futuro.<\/p>\n<p>&nbsp;<\/p>\n<ol start=\"2\">\n<li><strong>Fonte dei dati personali<\/strong><\/li>\n<\/ol>\n<p><strong>\u00a0<\/strong>I dati personali, acquisiti o che verranno acquisiti in relazione ai rapporti contrattuali o in fase precontrattuale, sono raccolti direttamente presso l\u2019interessato. Tutti i dati personali raccolti sono trattati nel rispetto della normativa vigente e, comunque, con la dovuta riservatezza.<\/p>\n<p>&nbsp;<\/p>\n<ol start=\"3\">\n<li><strong>Natura della raccolta<\/strong><\/li>\n<\/ol>\n<p><strong>\u00a0<\/strong>Per la stipulazione ed esecuzione del rapporto contrattuale la raccolta dei dati personali ha anche natura obbligatoria dovendosi dare corso agli adempimenti di legge e fiscali; il rifiuto di fornire tali dati personali comporter\u00e0 l\u2019impossibilit\u00e0 di instaurare rapporti con la Societ\u00e0. Il relativo trattamento non richiede il consenso dell\u2019interessato.<\/p>\n<p>&nbsp;<\/p>\n<ol start=\"4\">\n<li><strong>Finalit\u00e0 del trattamento e base giuridica del trattamento<\/strong><\/li>\n<\/ol>\n<p><strong>\u00a0<\/strong>La raccolta ovvero il trattamento dei dati personali ha l\u2019esclusiva finalit\u00e0 di provvedere in modo adeguato agli adempimenti connessi all&#8217;espletamento dell\u2019attivit\u00e0 economica della Societ\u00e0 ed in particolare per:<\/p>\n<ul>\n<li>l\u2019esecuzione di attivit\u00e0 pre-contrattuali e l\u2019acquisizione di informazioni preliminari ai fini della stipula del contratto;<\/li>\n<li>la gestione del rapporto contrattuale e di tutte le attivit\u00e0 di tipo amministrativo, operativo, gestionale e contabile relative al contratto (gestione ordini, fatturazione, controlli sull&#8217;affidabilit\u00e0 di clienti e fornitori, assistenza e supporto post-vendita);<\/li>\n<li>la gestione del contenzioso, inadempimenti contrattuali, diffide, transazioni, arbitrati, controversie giudiziarie;<\/li>\n<li>l\u2019adempimento degli obblighi previsti da leggi, regolamenti, normative comunitarie e disposizioni impartite da autorit\u00e0.<\/li>\n<\/ul>\n<p>&nbsp;<\/p>\n<p>Il trattamento \u00e8 svolto in forza dell\u2019adempimento degli obblighi contrattuali\/pre-contrattuali e legali connessi al rapporto da Voi instaurato con la Societ\u00e0.<\/p>\n<p>&nbsp;<\/p>\n<ol start=\"5\">\n<li><strong>Natura del conferimento e conseguenze dell\u2019eventuale rifiuto<\/strong><\/li>\n<\/ol>\n<p><strong>\u00a0<\/strong>\u00c8 obbligatorio il conferimento di dati personali alla Societ\u00e0 per i soli dati personali per i quali \u00e8 previsto un obbligo normativo o contrattuale in tal senso, ovvero per i dati personali necessari ad acquisire informazioni precontrattuali attivate su richiesta dell&#8217;interessato. In ipotesi di eventuale rifiuto di conferire tali dati personali \u00abobbligatori\u00bb, il contratto potrebbe non essere compiutamente esercitato. L&#8217;eventuale rifiuto di fornire dati personali per i quali non sia previsto un obbligo di conferimento, ma strettamente funzionali all&#8217;esecuzione dei rapporti contrattuali, non comporter\u00e0 in linea di principio alcuna conseguenza in relazione ai rapporti in corso, salva l&#8217;eventuale impossibilit\u00e0 di dare seguito alle operazioni connesse a tali dati personali o l&#8217;impossibilit\u00e0 di instaurare nuovi rapporti. L&#8217;eventuale rifiuto di conferire dati personali riferiti allo svolgimento di ulteriori attivit\u00e0, non strettamente funzionali all&#8217;esecuzione dei rapporti contrattuali, potr\u00e0 solo impedire la conduzione di tali ulteriori attivit\u00e0 senza altre conseguenze.<\/p>\n<p>&nbsp;<\/p>\n<ol start=\"6\">\n<li><strong>Modalit\u00e0 di trattamento<\/strong><\/li>\n<\/ol>\n<p><strong>\u00a0<\/strong>Il trattamento dei dati personali sar\u00e0 effettuato in modo lecito e secondo correttezza e comunque in conformit\u00e0 alla normativa sopra richiamata, mediante strumenti idonei a garantirne la sicurezza e la riservatezza e potr\u00e0 essere effettuato anche attraverso strumenti informatici atti a memorizzare, gestire e trasmettere i dati stessi.<\/p>\n<p>Il trattamento sar\u00e0 effettuato, in via principale, dall&#8217;organizzazione interna dell\u2019azienda sotto la direzione e il controllo delle funzioni aziendali preposte e per finalit\u00e0 indicate in precedenza, anche da Societ\u00e0 del gruppo o da terzi, come individuati al punto 9 che segue.<\/p>\n<p>La conservazione dei dati personali avverr\u00e0 in una forma che consenta l\u2019identificazione dell\u2019interessato per un periodo di tempo non superiore a quello necessario agli scopi per i quali essi sono raccolti e trattati.<\/p>\n<p>&nbsp;<\/p>\n<ol start=\"7\">\n<li><strong>Durata del trattamento <\/strong><\/li>\n<\/ol>\n<p><strong>\u00a0<\/strong>I dati personali oggetto del trattamento verranno conservati per il tempo strettamente necessario con riguardo al rapporto contrattuale, nonch\u00e9, successivamente, per l\u2019espletamento di tutti gli obblighi legali connessi o derivanti dal contratto da Voi stipulato con la Societ\u00e0.<\/p>\n<p>&nbsp;<\/p>\n<ol start=\"8\">\n<li><strong>Destinatari dei dati personali<\/strong><\/li>\n<\/ol>\n<p><strong>\u00a0<\/strong>Ferme restando le comunicazioni effettuate in adempimento di un obbligo di Legge, di regolamento o di normativa comunitaria e quelle intra-gruppo, la comunicazione, anche mediante la semplice consultazione o messa a disposizione dei dati personali che Vi riguardano pu\u00f2 intervenire nei confronti dei seguenti soggetti:<\/p>\n<ol>\n<li>enti, organi di vigilanza, autorit\u00e0 o istituzioni pubbliche;<\/li>\n<li>Societ\u00e0 appartenenti a Garofoli Strutture S.p.A., controllate o collegate alla nostra Societ\u00e0, situate in Italia o all&#8217;estero;<\/li>\n<li>persone fisiche o giuridiche che forniscono specifici servizi: elaborazione dati, servizi logistici e postali, sondaggi del grado di soddisfazione dei Clienti, consulenza legale, amministrativa, tributaria e\/o contabile, organizzazione di fiere ed eventi di comunicazione;<\/li>\n<li>intermediari commerciali, banche ed istituti di credito, Societ\u00e0 di intermediazione finanziaria, persone fisiche o giuridiche preposte al recupero del credito, revisione e\/o certificazione di bilanci e dei sistemi di qualit\u00e0, collaboratori autonomi della Societ\u00e0, agenti e segnalatori, assicuratori e broker;<\/li>\n<li>persone fisiche e\/o giuridiche che richiedono referenze\/dati ai fini della partecipazione ad appalti pubblici, ovvero nell&#8217;ambito dell\u2019esecuzione di contratti di fornitura verso propri clienti da parte di Garofoli Strutture S.p.A.<\/li>\n<\/ol>\n<p>&nbsp;<\/p>\n<p>I soggetti di cui al punto a), d), e) operano in qualit\u00e0 di autonomi Titolari del Trattamento.<\/p>\n<p>&nbsp;<\/p>\n<p>Vi rassicuriamo che, in ogni caso, ai soggetti citati si trasferiscono esclusivamente, se non dati personali aggregati ed in forma anonima, i dati personali necessari e pertinenti rispetto alle finalit\u00e0 del trattamento cui sono preposti.<\/p>\n<p>L&#8217;elenco di tali soggetti terzi sar\u00e0 costantemente aggiornato e a Voi accessibile previa richiesta alla Societ\u00e0. In virt\u00f9 dell&#8217;esistenza di collegamenti con gli stessi con mezzi telematici, informatici o di corrispondenza, i dati personali potranno essere resi disponibili all&#8217;estero, eventualmente anche al di fuori dei Paesi appartenenti alla U.E in considerazione dell\u2019esistenza della relativa autorizzazione, ovvero in base a clausole contrattuali standard.<\/p>\n<p>I dati personali non saranno in ogni caso diffusi.<\/p>\n<p>&nbsp;<\/p>\n<ol start=\"9\">\n<li><strong>Diritti dell\u2019interessato<\/strong><\/li>\n<\/ol>\n<p><strong>\u00a0<\/strong>Resta fermo il Vostro diritto di esercitare i diritti di accesso ai riferimenti indicati nella premessa ai dati personali previsti dall&#8217;art. 15 del regolamento UE 2016\/679 e i diritti previsti dagli artt. 16, 17, 18, 21 del Regolamento UE 2016\/679 riguardo alla rettifica, alla cancellazione, alla limitazione al trattamento e al diritto di opposizione, nelle modalit\u00e0 stabilite dall&#8217;art. 12 del Regolamento UE 2016\/679.<\/p>\n<p>&nbsp;<\/p>\n<ol start=\"10\">\n<li><strong>Diritto di proporre reclamo ex art. 77 Regolamento UE all&#8217;Autorit\u00e0 Garante <\/strong><\/li>\n<\/ol>\n<p><strong>\u00a0<\/strong>Qualora la Nostra Societ\u00e0 non Vi fornisca riscontro nei tempi previsti dalla normativa o la risposta all&#8217;esercizio dei Vostri diritti non Vi risulti idonea, potrete proporre reclamo al Garante per la protezione dei dati personali.<\/p>\n<p>Di seguito le coordinate: Garante per la protezione dei dati personali &#8211; www.gpdp.it &#8211; www.garanteprivacy.it &#8211; E-mail: garante@gpdp.it &#8211; Fax: (+39) 06.69677.3785 &#8211; Centralino telefonico: (+39) 06.69677.1<\/p>\n<div style=\"background-color: #ccc; text-align: center; padding: 20px; margin-top: 30px;\">Garofoli Strutture S.p.A. &#8211; Unico Socio &#8211; Via Recanatese 37 &#8211; 60022 Castelfidardo An<br \/>\nTel. ++39 071727171 Fax ++39 07172717269<br \/>\nC.F. e P.I. IT01217880424 \u2013 REA AN 156248 Capitale Sociale 1.040.000,00 I.V.<\/div>\n","protected":false},"excerpt":{"rendered":"<p>Informativa a clienti e fornitori ai sensi dell\u2019art. 13 del Regolamento Europeo 2016\/679 in materia di protezione dei dati \u00a0 I trattamenti di dati relativi a persone giuridiche non rientrano nell&#8217;ambito di applicazione della disciplina di tutela dei dati personali apprestata dal Regolamento. A fini di chiarezza e trasparenza nei confronti dei propri Clienti e [&hellip;]<\/p>\n","protected":false},"author":3,"featured_media":0,"parent":0,"menu_order":0,"comment_status":"closed","ping_status":"closed","template":"tpl-generic-unique.php","meta":{"_acf_changed":false,"footnotes":""},"yst_prominent_words":[4536,4533,4527,4526,4535,4530,4567,4565,4532,4539,4537,4538,4528,4541,4534,4529,4540,4531,4548,4547],"class_list":["post-43117","page","type-page","status-publish","hentry"],"acf":[],"_links":{"self":[{"href":"https:\/\/www.garofoli.com\/es\/wp-json\/wp\/v2\/pages\/43117","targetHints":{"allow":["GET"]}}],"collection":[{"href":"https:\/\/www.garofoli.com\/es\/wp-json\/wp\/v2\/pages"}],"about":[{"href":"https:\/\/www.garofoli.com\/es\/wp-json\/wp\/v2\/types\/page"}],"author":[{"embeddable":true,"href":"https:\/\/www.garofoli.com\/es\/wp-json\/wp\/v2\/users\/3"}],"replies":[{"embeddable":true,"href":"https:\/\/www.garofoli.com\/es\/wp-json\/wp\/v2\/comments?post=43117"}],"version-history":[{"count":0,"href":"https:\/\/www.garofoli.com\/es\/wp-json\/wp\/v2\/pages\/43117\/revisions"}],"wp:attachment":[{"href":"https:\/\/www.garofoli.com\/es\/wp-json\/wp\/v2\/media?parent=43117"}],"wp:term":[{"taxonomy":"yst_prominent_words","embeddable":true,"href":"https:\/\/www.garofoli.com\/es\/wp-json\/wp\/v2\/yst_prominent_words?post=43117"}],"curies":[{"name":"wp","href":"https:\/\/api.w.org\/{rel}","templated":true}]}}