{"id":45619,"date":"2019-03-29T15:52:50","date_gmt":"2019-03-29T15:52:50","guid":{"rendered":"http:\/\/www.garofoli.com\/?page_id=45619"},"modified":"2022-04-28T14:44:25","modified_gmt":"2022-04-28T14:44:25","slug":"informativa-privacy-agli-utenti","status":"publish","type":"page","link":"https:\/\/www.garofoli.com\/fr\/informativa-privacy-agli-utenti\/","title":{"rendered":"Informativa Privacy agli Utenti"},"content":{"rendered":"<p align=\"justify\"><b>Garofoli S.p.A. <\/b>con sede legale in <b>via Recanatese 37, 60022, Castelfidardo (AN)<\/b>, Partita IVA n. <b>00323420422<\/b> (di seguito, \u201c<b>Titolare<\/b>\u201d), proprietario del sito internet <b>https:\/\/www.<\/b><b>garofoli.com<\/b> (di seguito, il \u201c<b>Sito<\/b>\u201d), in qualit\u00e0 di <b>titolare del trattamento<\/b> <b>dei dati personali<\/b> degli utenti che navigano e che sono iscritti al Sito (di seguito, gli \u201c<b>Utenti<\/b>\u201d) fornisce qui di seguito l\u2019informativa privacy ai sensi dell\u2019art. 13 del Regolamento UE 2016\/679 del 27 aprile 2016 (di seguito, \u201c<b>Regolamento<\/b>\u201d o \u201c<b>Normativa Applicabile<\/b>\u201d).<\/p>\n<p align=\"justify\">Questo Sito e i servizi eventualmente offerti tramite il Sito sono riservati a soggetti che hanno compiuto il diciottesimo anno di et\u00e0. Il Titolare non raccoglie quindi dati personali relativi ai soggetti minori di anni 18. Su richiesta degli Utenti, il Titolare canceller\u00e0 tempestivamente tutti i dati personali involontariamente raccolti e relativi a soggetti minori di anni 18.<\/p>\n<p align=\"justify\">Il Titolare tiene nella massima considerazione il diritto alla privacy ed alla protezione dei dati personali dei propri Utenti. Per ogni informazione in relazione alla presente informativa privacy, gli Utenti possono <b>contattare il Titolare<\/b> in qualsiasi momento, utilizzando le modalit\u00e0 descritte al punto 4.<\/p>\n<p>&nbsp;<\/p>\n<ol>\n<li>\n<p align=\"justify\"><b>Finalit\u00e0 del trattamento <\/b><\/p>\n<\/li>\n<\/ol>\n<p align=\"justify\">I dati personali degli Utenti saranno trattati lecitamente dal Titolare ai sensi dell\u2019art. 6 del Regolamento per le seguenti finalit\u00e0 di trattamento:<\/p>\n<ol type=\"a\">\n<li>\n<p align=\"justify\"><u><b>Navigazione del sito, <\/b><\/u>in relazione alla possibilit\u00e0 di rilevare dati dell\u2019Utente necessari a livello tecnico, quali ad es. l\u2019indirizzo IP, durante la navigazione del sito.<\/p>\n<\/li>\n<li>\n<p align=\"justify\"><u><b>Invio di newsletter informative, <\/b><\/u>previa specifica richiesta dell\u2019interessato.<\/p>\n<\/li>\n<li>\n<p align=\"justify\"><u><b>Risposta a Sue richieste di informazioni, <\/b><\/u>a noi pervenute tramite l\u2019apposito form di contatto.<\/p>\n<\/li>\n<li>\n<p align=\"justify\"><u><b>Registrazione all&rsquo;area riservata del sito, <\/b><\/u>tramite cui accedere ai programmi di spedizione\/consegna, scaricare la documentazione relativa al business (schede tecniche, cataloghi, circolari, conferme d\u2019ordine, fatture ad esempio)<\/p>\n<\/li>\n<li>\n<p align=\"justify\"><u><b>Obblighi di legge<\/b><\/u>, ovvero per adempiere ad obblighi previsti dalla legge, da un\u2019autorit\u00e0, da un regolamento o dalla normativa europea.<\/p>\n<\/li>\n<li>\n<p align=\"justify\"><u><b>Ricezione di curricula utilizzati per la selezione del personale, <\/b><\/u>tramite l\u2019apposito form di inserimento. Un\u2019informativa specifica sar\u00e0 veicolata nella relativa pagina.<\/p>\n<\/li>\n<\/ol>\n<p align=\"justify\">Il conferimento dei dati personali per le finalit\u00e0 di trattamento sopra indicate \u00e8 facoltativo ma necessario, poich\u00e9 il mancato conferimento degli stessi comporter\u00e0 l\u2019impossibilit\u00e0 per l\u2019Utente di navigare sul sito, iscriversi al Sito e usufruire dei servizi offerti dal Titolare sul Sito.<\/p>\n<p align=\"justify\">Con riferimento alle finalit\u00e0 di cui ai punti 1\/a, 1\/b 1\/c, 1\/d, la base giuridica del trattamento \u00e8 infatti l\u2019esecuzione dei servizi forniti attraverso il Sito e da Lei richiesti (ai sensi dell\u2019articolo 6, comma 1, lett. b del Regolamento Privacy 2016\/679); con riferimento alle finalit\u00e0 1\/f di cui al punto del precedente paragrafo, la base giuridica del trattamento dei dati appartenenti a particolari categorie contenuti potenzialmente nel curriculum \u00e8 il Suo eventuale consenso espresso liberamente (ai sensi dell\u2019articolo 9, comma 2, lett. a del Regolamento Privacy 2016\/679); con riferimento alle finalit\u00e0 di cui al punto 1\/e del precedente paragrafo, la base giuridica del trattamento \u00e8 di adempiere un obbligo legale al quale \u00e8 soggetto il titolare del trattamento (ai sensi dell\u2019articolo 6, comma 1, lett. c del Regolamento Privacy 2016\/679).<\/p>\n<p>&nbsp;<\/p>\n<ol start=\"2\">\n<li>\n<p align=\"justify\"><b>Modalit\u00e0 di trattamento e tempi di conservazione dei dati <\/b><\/p>\n<\/li>\n<\/ol>\n<p align=\"justify\">Il Titolare tratter\u00e0 i dati personali degli Utenti mediante strumenti manuali ed informatici, con logiche strettamente correlate alle finalit\u00e0 stesse e, comunque, in modo da garantire la sicurezza e la riservatezza dei dati stessi.<\/p>\n<p align=\"justify\">I dati personali degli Utenti del Sito saranno conservati per i tempi strettamente necessari ad espletare le finalit\u00e0 illustrate al precedente paragrafo 1, o comunque secondo quanto necessario per la tutela in sede civilistica degli interessi sia degli Utenti che del Titolare. In relazione alla finalit\u00e0 di cui al punto 1.b i dati saranno conservati fino a quando Lei non si opporr\u00e0 all&rsquo;invio della newsletter, attraverso l\u2019apposito link contenuto nella stessa o attraverso le modalit\u00e0 di esercizio dei diritti di cui al paragrafo 5.<\/p>\n<p>&nbsp;<\/p>\n<ol start=\"3\">\n<li>\n<p align=\"justify\">\u00a0<b>Ambito di comunicazione e diffusione dei dati<\/b><\/p>\n<\/li>\n<\/ol>\n<p align=\"justify\">Potranno venire a conoscenza dei dati personali degli Utenti i dipendenti e\/o collaboratori del Titolare incaricati di gestire il Sito. Tali soggetti, che sono formalmente nominati dal Titolare quali \u201cincaricati del trattamento\u201d, tratteranno i dati dell\u2019Utente esclusivamente per le finalit\u00e0 indicate nella presente informativa e nel rispetto delle previsioni della Normativa Applicabile.<\/p>\n<p align=\"justify\">Potranno inoltre venire a conoscenza dei dati personali degli Utenti i soggetti terzi che potranno trattare dati personali per conto del Titolare in qualit\u00e0 di \u201c<b>Responsabili Esterni del Trattamento<\/b>\u201d, quali, a titolo esemplificativo, fornitori di servizi informatici e logistici funzionali all&rsquo;operativit\u00e0 del Sito, fornitori di servizi in <i>outsourcing<\/i> o <i>cloud computing<\/i>, professionisti e consulenti.<\/p>\n<p align=\"justify\">I dati potranno inoltre essere comunicati all&rsquo;Amministrazione Finanziaria e\/o altre autorit\u00e0 pubbliche ove ci\u00f2 sia imposto dalla legge o su loro richiesta.<\/p>\n<p align=\"justify\">Gli Utenti hanno il diritto di ottenere una lista degli eventuali responsabili del trattamento nominati dal Titolare, facendone richiesta al Titolare con le modalit\u00e0 indicate al successivo paragrafo 4.<\/p>\n<p>&nbsp;<\/p>\n<ol start=\"4\">\n<li>\n<p align=\"justify\"><b>Social media connect<\/b><\/p>\n<\/li>\n<\/ol>\n<p align=\"justify\">Il presente sito incorpora anche plugin di social network. Quando Lei visita una pagina del nostro sito web che contiene un plugin, il tuo browser si collega direttamente ai server del social network da dove \u00e8 caricato il plugin, il quale server pu\u00f2 tracciare la tua visita al nostro sito web e, se del caso, associarla al tuo account del social, in particolare se sei connesso al momento della visita o se hai recentemente navigato in uno dei siti web contenenti plugin social. Se non desideri che il social network registri i dati relativi alla tua visita sul nostro sito web, devi uscire dal tuo account del social e, probabilmente, eliminare i cookie che il social network ha installato nel tuo browser. Sul presente sito sono installati <b>plugin con funzioni di tutela avanzata della privacy degli Utenti<\/b>, che non inviano cookie o accedono ai cookie presenti sul browser dell\u2019Utente all\u2019apertura della pagina ma solo dopo il click sul plugin. La raccolta e l\u2019uso delle informazioni da parte di tali terzi sono regolati dalle rispettive informative privacy alle quali si prega di fare riferimento:<\/p>\n<ol start=\"3\">\n<li style=\"list-style-type: none;\">\n<ol>\n<li>\n<p align=\"justify\">Facebook (<a href=\"https:\/\/www.facebook.com\/help\/cookies\/\">link informativa cookie<\/a>)<\/p>\n<\/li>\n<\/ol>\n<\/li>\n<\/ol>\n<p align=\"justify\">Nel caso in cui Lei stia visitando una pagina del nostro sito internet che contiene un plug-in di Facebook, il browser in uso crea un collegamento diretto con i server di Facebook. Il contenuto del plug-in viene trasmesso da Facebook direttamente al browser e, da questo, collegato al sito internet.<\/p>\n<p align=\"justify\">Attraverso l\u2019inclusione del plug-in, Facebook ottiene l\u2019informazione che il Suo browser ha consultato il nostro sito web anche se Lei stesso non dispone di un account Facebook oppure non ha effettuato l\u2019accesso al social network in quel momento. Queste informazioni (ivi incluso l\u2019indirizzo IP) vengono trasmesse dal browser direttamente al server di Facebook (negli Stati Uniti d\u2019America) e ivi salvate. Nel caso in cui abbia effettuato l\u2019accesso a Facebook, Facebook pu\u00f2 collegare l\u2019accesso alla nostra pagina Facebook direttamente con la Sua pagina personale.<\/p>\n<p align=\"justify\">Facebook pu\u00f2 utilizzare le informazioni al fine pubblicitario, ricerca di mercato e configurazione corrispondente alle esigenze. In proposito, vengono creati da Facebook profili di utilizzo, interessi e rapporti, per esempio al fine di valutare l\u2019uso del nostro sito internet in relazione agli annunci pubblicitari mostrati sulla Sua pagina Facebook, informare altri utenti Facebook in relazione alle attivit\u00e0 da Lei svolte sul nostro sito internet e fornire ulteriori servizi legati all\u2019uso di Facebook.<\/p>\n<p align=\"justify\">Qualora Lei non desideri che Facebook attribuisca i dati raccolti sulla nostra pagina internet al suo profilo, deve effettuare il log-out da Facebook prima di accedere al nostro sito internet. Per ulteriori informazioni sul trattamento dei dati da parte di Facebook, i diritti in relazione ad essi e la possibilit\u00e0 di regolarne il trattamento, La preghiamo di consultare l\u2019informativa sulla privacy di Facebook.<\/p>\n<p>&nbsp;<\/p>\n<ol start=\"5\">\n<li>\n<p align=\"justify\"><b>Diritti degli Interessati<\/b><\/p>\n<\/li>\n<\/ol>\n<p align=\"justify\">Gli Utenti potranno esercitare i diritti garantiti loro dalla Normativa Applicabile, contattando il Titolare con le seguenti modalit\u00e0:<\/p>\n<ul>\n<li>\n<p align=\"justify\">Inviando una raccomandata a\/r alla sede legale del Titolare<\/p>\n<\/li>\n<li>\n<p align=\"justify\">Inviando un messaggio di posta elettronica all&rsquo;indirizzo <b>privacy@garofoli.com<\/b>;<\/p>\n<\/li>\n<\/ul>\n<p align=\"justify\">Ai sensi della Normativa Applicabile, gli utenti potranno esercitare i diritti di cui all&rsquo;art. 15 e seguenti del Regolamento, nelle modalit\u00e0 previste dall&rsquo;art. 12 dello stesso.<\/p>\n<p align=\"justify\">Qualora ritenesse che il trattamento che la riguarda violi il Regolamento, ha il diritto di <b>proporre reclamo a un\u2019Autorit\u00e0 di controllo <\/b>(nello Stato membro in cui risiedono abitualmente, in quello in cui lavorano oppure in quello in cui si \u00e8 verificata la presunta violazione). L\u2019Autorit\u00e0 di controllo italiana \u00e8 il<b> Garante per la protezione dei dati personali<\/b> &#8211; <a href=\"http:\/\/www.garanteprivacy.it\/\">http:\/\/www.garanteprivacy.it\/<\/a> &#8211; garante@gpdp.it<\/p>\n","protected":false},"excerpt":{"rendered":"<p>Garofoli S.p.A. con sede legale in via Recanatese 37, 60022, Castelfidardo (AN), Partita IVA n. 00323420422 (di seguito, \u201cTitolare\u201d), proprietario del sito internet https:\/\/www.garofoli.com (di seguito, il \u201cSito\u201d), in qualit\u00e0 di titolare del trattamento dei dati personali degli utenti che navigano e che sono iscritti al Sito (di seguito, gli \u201cUtenti\u201d) fornisce qui di seguito [&hellip;]<\/p>\n","protected":false},"author":3,"featured_media":0,"parent":0,"menu_order":0,"comment_status":"closed","ping_status":"closed","template":"tpl-generic-unique.php","meta":{"_acf_changed":false,"footnotes":""},"yst_prominent_words":[],"class_list":["post-45619","page","type-page","status-publish","hentry"],"acf":[],"_links":{"self":[{"href":"https:\/\/www.garofoli.com\/fr\/wp-json\/wp\/v2\/pages\/45619","targetHints":{"allow":["GET"]}}],"collection":[{"href":"https:\/\/www.garofoli.com\/fr\/wp-json\/wp\/v2\/pages"}],"about":[{"href":"https:\/\/www.garofoli.com\/fr\/wp-json\/wp\/v2\/types\/page"}],"author":[{"embeddable":true,"href":"https:\/\/www.garofoli.com\/fr\/wp-json\/wp\/v2\/users\/3"}],"replies":[{"embeddable":true,"href":"https:\/\/www.garofoli.com\/fr\/wp-json\/wp\/v2\/comments?post=45619"}],"version-history":[{"count":0,"href":"https:\/\/www.garofoli.com\/fr\/wp-json\/wp\/v2\/pages\/45619\/revisions"}],"wp:attachment":[{"href":"https:\/\/www.garofoli.com\/fr\/wp-json\/wp\/v2\/media?parent=45619"}],"wp:term":[{"taxonomy":"yst_prominent_words","embeddable":true,"href":"https:\/\/www.garofoli.com\/fr\/wp-json\/wp\/v2\/yst_prominent_words?post=45619"}],"curies":[{"name":"wp","href":"https:\/\/api.w.org\/{rel}","templated":true}]}}