{"id":9985,"date":"2017-10-31T11:41:32","date_gmt":"2017-10-31T11:41:32","guid":{"rendered":"http:\/\/www.garofoli.com\/company\/gidea\/"},"modified":"2019-07-22T08:33:11","modified_gmt":"2019-07-22T08:33:11","slug":"gidea","status":"publish","type":"page","link":"https:\/\/www.garofoli.com\/fr\/company\/gidea\/","title":{"rendered":"Gidea"},"content":{"rendered":"<p>Qualit\u00e9 dans la construction, mat\u00e9riaux alternatifs, lignes modernes et \u00e9l\u00e9gantes\u00a0: telle est Gidea, une marque qui s\u2019est impos\u00e9e comme le leader pour la production de portes en stratifi\u00e9. Plus de 1\u00a0560 solutions au choix, allant de portes laqu\u00e9es \u00e0 des portes en stratifi\u00e9 effet 3D, en passant par des portes avec des \u00e9l\u00e9ments en c\u00e9ramique ou en verre, et bien plus. Une<strong> large gamme de possibilit\u00e9s<\/strong>, qui se renouvelle continuellement et permet d\u2019assortir la porte aux armoires, avec Miria, la collection Gidea de panneaux et \u00e9tag\u00e8res pour cr\u00e9er des solutions sur mesure.<\/p>\n","protected":false},"excerpt":{"rendered":"<p>Qualit\u00e9 dans la construction, mat\u00e9riaux alternatifs, lignes modernes et \u00e9l\u00e9gantes\u00a0: telle est Gidea, une marque qui s\u2019est impos\u00e9e comme le leader pour la production de portes en stratifi\u00e9. Plus de 1\u00a0560 solutions au choix, allant de portes laqu\u00e9es \u00e0 des portes en stratifi\u00e9 effet 3D, en passant par des portes avec des \u00e9l\u00e9ments en c\u00e9ramique [&hellip;]<\/p>\n","protected":false},"author":3,"featured_media":2880,"parent":9983,"menu_order":30,"comment_status":"closed","ping_status":"closed","template":"tpl-company.php","meta":{"_acf_changed":false,"footnotes":""},"yst_prominent_words":[3250,3246,3264,3253,3251,3265,3262,3247,3283,4572,3254,3263,3261,3249,3284,3282,4571],"class_list":["post-9985","page","type-page","status-publish","has-post-thumbnail","hentry"],"acf":[],"_links":{"self":[{"href":"https:\/\/www.garofoli.com\/fr\/wp-json\/wp\/v2\/pages\/9985","targetHints":{"allow":["GET"]}}],"collection":[{"href":"https:\/\/www.garofoli.com\/fr\/wp-json\/wp\/v2\/pages"}],"about":[{"href":"https:\/\/www.garofoli.com\/fr\/wp-json\/wp\/v2\/types\/page"}],"author":[{"embeddable":true,"href":"https:\/\/www.garofoli.com\/fr\/wp-json\/wp\/v2\/users\/3"}],"replies":[{"embeddable":true,"href":"https:\/\/www.garofoli.com\/fr\/wp-json\/wp\/v2\/comments?post=9985"}],"version-history":[{"count":0,"href":"https:\/\/www.garofoli.com\/fr\/wp-json\/wp\/v2\/pages\/9985\/revisions"}],"up":[{"embeddable":true,"href":"https:\/\/www.garofoli.com\/fr\/wp-json\/wp\/v2\/pages\/9983"}],"wp:featuredmedia":[{"embeddable":true,"href":"https:\/\/www.garofoli.com\/fr\/wp-json\/wp\/v2\/media\/2880"}],"wp:attachment":[{"href":"https:\/\/www.garofoli.com\/fr\/wp-json\/wp\/v2\/media?parent=9985"}],"wp:term":[{"taxonomy":"yst_prominent_words","embeddable":true,"href":"https:\/\/www.garofoli.com\/fr\/wp-json\/wp\/v2\/yst_prominent_words?post=9985"}],"curies":[{"name":"wp","href":"https:\/\/api.w.org\/{rel}","templated":true}]}}