{"id":9988,"date":"2017-10-31T11:42:01","date_gmt":"2017-10-31T11:42:01","guid":{"rendered":"http:\/\/www.garofoli.com\/company\/formazione\/"},"modified":"2019-05-14T15:01:31","modified_gmt":"2019-05-14T15:01:31","slug":"formation","status":"publish","type":"page","link":"https:\/\/www.garofoli.com\/fr\/company\/formation\/","title":{"rendered":"Formation"},"content":{"rendered":"<p>Comme l&rsquo;a affirm\u00e9 Konrad Lorenz \u00ab\u00a0La vie est un processus de connaissance, vivre, c&rsquo;est apprendre\u00a0\u00bb. Nous avons pour cela cr\u00e9\u00e9 la Garofoli Excellence Academy, un projet de formation avec ses propres locaux et qui structure avec coh\u00e9rence une s\u00e9rie de cours et de s\u00e9minaires organis\u00e9s pour nos revendeurs, les artisans de la pose, les architectes et les autres professionnels du secteur.<\/p>\n","protected":false},"excerpt":{"rendered":"<p>Comme l&rsquo;a affirm\u00e9 Konrad Lorenz \u00ab\u00a0La vie est un processus de connaissance, vivre, c&rsquo;est apprendre\u00a0\u00bb. Nous avons pour cela cr\u00e9\u00e9 la Garofoli Excellence Academy, un projet de formation avec ses propres locaux et qui structure avec coh\u00e9rence une s\u00e9rie de cours et de s\u00e9minaires organis\u00e9s pour nos revendeurs, les artisans de la pose, les architectes [&hellip;]<\/p>\n","protected":false},"author":3,"featured_media":4301,"parent":9983,"menu_order":50,"comment_status":"closed","ping_status":"closed","template":"tpl-lessons.php","meta":{"_acf_changed":false,"footnotes":""},"yst_prominent_words":[3250,3246,3247,3248,3249],"class_list":["post-9988","page","type-page","status-publish","has-post-thumbnail","hentry"],"acf":[],"_links":{"self":[{"href":"https:\/\/www.garofoli.com\/fr\/wp-json\/wp\/v2\/pages\/9988","targetHints":{"allow":["GET"]}}],"collection":[{"href":"https:\/\/www.garofoli.com\/fr\/wp-json\/wp\/v2\/pages"}],"about":[{"href":"https:\/\/www.garofoli.com\/fr\/wp-json\/wp\/v2\/types\/page"}],"author":[{"embeddable":true,"href":"https:\/\/www.garofoli.com\/fr\/wp-json\/wp\/v2\/users\/3"}],"replies":[{"embeddable":true,"href":"https:\/\/www.garofoli.com\/fr\/wp-json\/wp\/v2\/comments?post=9988"}],"version-history":[{"count":0,"href":"https:\/\/www.garofoli.com\/fr\/wp-json\/wp\/v2\/pages\/9988\/revisions"}],"up":[{"embeddable":true,"href":"https:\/\/www.garofoli.com\/fr\/wp-json\/wp\/v2\/pages\/9983"}],"wp:featuredmedia":[{"embeddable":true,"href":"https:\/\/www.garofoli.com\/fr\/wp-json\/wp\/v2\/media\/4301"}],"wp:attachment":[{"href":"https:\/\/www.garofoli.com\/fr\/wp-json\/wp\/v2\/media?parent=9988"}],"wp:term":[{"taxonomy":"yst_prominent_words","embeddable":true,"href":"https:\/\/www.garofoli.com\/fr\/wp-json\/wp\/v2\/yst_prominent_words?post=9988"}],"curies":[{"name":"wp","href":"https:\/\/api.w.org\/{rel}","templated":true}]}}