{"id":9989,"date":"2017-10-31T11:42:55","date_gmt":"2017-10-31T11:42:55","guid":{"rendered":"http:\/\/www.garofoli.com\/company\/hotel-contract\/"},"modified":"2025-12-01T12:20:18","modified_gmt":"2025-12-01T12:20:18","slug":"hotel-contract","status":"publish","type":"page","link":"https:\/\/www.garofoli.com\/fr\/company\/hotel-contract\/","title":{"rendered":"Solution pour les h\u00f4tels"},"content":{"rendered":"<p>Pourquoi choisir une solution pr\u00e9fabriqu\u00e9e si votre projet peut \u00eatre personnalis\u00e9 \u00e0 l&rsquo;extr\u00eame, en termes de mat\u00e9riaux comme de vari\u00e9t\u00e9 esth\u00e9tique et de dimensions\u00a0? Pr\u00e9sent sur tous les continents, le Garofoli Group a acquis un savoir-faire sp\u00e9cifique qui lui permet de satisfaire les exigences des diff\u00e9rentes r\u00e9gions en mati\u00e8re de projet.<\/p>\n<p>&nbsp;<\/p>\n<p>&nbsp;<\/p>\n","protected":false},"excerpt":{"rendered":"<p>Pourquoi choisir une solution pr\u00e9fabriqu\u00e9e si votre projet peut \u00eatre personnalis\u00e9 \u00e0 l&rsquo;extr\u00eame, en termes de mat\u00e9riaux comme de vari\u00e9t\u00e9 esth\u00e9tique et de dimensions\u00a0? Pr\u00e9sent sur tous les continents, le Garofoli Group a acquis un savoir-faire sp\u00e9cifique qui lui permet de satisfaire les exigences des diff\u00e9rentes r\u00e9gions en mati\u00e8re de projet. &nbsp; &nbsp;<\/p>\n","protected":false},"author":3,"featured_media":2974,"parent":9983,"menu_order":60,"comment_status":"closed","ping_status":"closed","template":"tpl-hotel.php","meta":{"_acf_changed":false,"footnotes":""},"yst_prominent_words":[3246,3265,3248,3266],"class_list":["post-9989","page","type-page","status-publish","has-post-thumbnail","hentry"],"acf":[],"_links":{"self":[{"href":"https:\/\/www.garofoli.com\/fr\/wp-json\/wp\/v2\/pages\/9989","targetHints":{"allow":["GET"]}}],"collection":[{"href":"https:\/\/www.garofoli.com\/fr\/wp-json\/wp\/v2\/pages"}],"about":[{"href":"https:\/\/www.garofoli.com\/fr\/wp-json\/wp\/v2\/types\/page"}],"author":[{"embeddable":true,"href":"https:\/\/www.garofoli.com\/fr\/wp-json\/wp\/v2\/users\/3"}],"replies":[{"embeddable":true,"href":"https:\/\/www.garofoli.com\/fr\/wp-json\/wp\/v2\/comments?post=9989"}],"version-history":[{"count":5,"href":"https:\/\/www.garofoli.com\/fr\/wp-json\/wp\/v2\/pages\/9989\/revisions"}],"predecessor-version":[{"id":1430719,"href":"https:\/\/www.garofoli.com\/fr\/wp-json\/wp\/v2\/pages\/9989\/revisions\/1430719"}],"up":[{"embeddable":true,"href":"https:\/\/www.garofoli.com\/fr\/wp-json\/wp\/v2\/pages\/9983"}],"wp:featuredmedia":[{"embeddable":true,"href":"https:\/\/www.garofoli.com\/fr\/wp-json\/wp\/v2\/media\/2974"}],"wp:attachment":[{"href":"https:\/\/www.garofoli.com\/fr\/wp-json\/wp\/v2\/media?parent=9989"}],"wp:term":[{"taxonomy":"yst_prominent_words","embeddable":true,"href":"https:\/\/www.garofoli.com\/fr\/wp-json\/wp\/v2\/yst_prominent_words?post=9989"}],"curies":[{"name":"wp","href":"https:\/\/api.w.org\/{rel}","templated":true}]}}